{"id":607,"date":"2019-12-06T22:56:10","date_gmt":"2019-12-13T21:04:54","guid":{"rendered":"https:\/\/www.brunomotorworks.com\/?post_type=product&#038;p=607"},"modified":"2019-12-13T22:11:21","modified_gmt":"2019-12-13T21:11:21","slug":"aile-arriere","status":"publish","type":"product","link":"https:\/\/www.brunomotorworks.com\/fr\/produit\/aile-arriere\/","title":{"rendered":"Aile arri\u00e8re"},"content":{"rendered":"<p>[vc_row][vc_column][vc_column_text]<\/p>\n<h1>boutique<\/h1>\n<p>[\/vc_column_text][\/vc_column][\/vc_row]<\/p>\n","protected":false},"excerpt":{"rendered":"<h3>DESCRIPTION<\/h3>\n<p>Aile arri\u00e8re en acier 14ga avec renfort aux deux extr\u00e9mit\u00e9s pour moto modifi\u00e9e<\/p>\n","protected":false},"featured_media":519,"template":"","meta":[],"product_cat":[39],"product_tag":[],"yoast_head":"<!-- This site is optimized with the Yoast SEO plugin v22.4 - https:\/\/yoast.com\/wordpress\/plugins\/seo\/ -->\n<title>Aile arri\u00e8re - Bruno Motor Works<\/title>\n<meta name=\"description\" content=\"Aile arri\u00e8re en acier 14ga avec renfort aux deux extr\u00e9mit\u00e9s pour moto modifi\u00e9e\" \/>\n<meta name=\"robots\" content=\"index, follow, max-snippet:-1, max-image-preview:large, max-video-preview:-1\" \/>\n<link rel=\"canonical\" href=\"https:\/\/www.brunomotorworks.com\/produit\/new-rear-fender\/\" \/>\n<meta property=\"og:locale\" content=\"fr_FR\" \/>\n<meta property=\"og:type\" content=\"article\" \/>\n<meta property=\"og:title\" content=\"Aile arri\u00e8re - Bruno Motor Works\" \/>\n<meta property=\"og:description\" content=\"Aile arri\u00e8re en acier 14ga avec renfort aux deux extr\u00e9mit\u00e9s pour moto modifi\u00e9e\" \/>\n<meta property=\"og:url\" content=\"https:\/\/www.brunomotorworks.com\/produit\/new-rear-fender\/\" \/>\n<meta property=\"og:site_name\" content=\"Bruno Motor Works\" \/>\n<meta property=\"article:modified_time\" content=\"2019-12-13T21:11:21+00:00\" \/>\n<meta property=\"og:image\" content=\"https:\/\/www.brunomotorworks.com\/wp-content\/uploads\/2019\/12\/BMW_new_rear-fender1a-1.jpg\" \/>\n\t<meta property=\"og:image:width\" content=\"1800\" \/>\n\t<meta property=\"og:image:height\" content=\"1125\" \/>\n\t<meta property=\"og:image:type\" content=\"image\/jpeg\" \/>\n<meta name=\"twitter:card\" content=\"summary_large_image\" \/>\n<script type=\"application\/ld+json\" class=\"yoast-schema-graph\">{\"@context\":\"https:\/\/schema.org\",\"@graph\":[{\"@type\":\"WebPage\",\"@id\":\"https:\/\/www.brunomotorworks.com\/produit\/new-rear-fender\/\",\"url\":\"https:\/\/www.brunomotorworks.com\/produit\/new-rear-fender\/\",\"name\":\"Aile arri\u00e8re - Bruno Motor Works\",\"isPartOf\":{\"@id\":\"https:\/\/www.brunomotorworks.com\/#website\"},\"primaryImageOfPage\":{\"@id\":\"https:\/\/www.brunomotorworks.com\/produit\/new-rear-fender\/#primaryimage\"},\"image\":{\"@id\":\"https:\/\/www.brunomotorworks.com\/produit\/new-rear-fender\/#primaryimage\"},\"thumbnailUrl\":\"https:\/\/www.brunomotorworks.com\/wp-content\/uploads\/2019\/12\/BMW_new_rear-fender1a-1.jpg\",\"datePublished\":\"2019-12-13T21:04:54+00:00\",\"dateModified\":\"2019-12-13T21:11:21+00:00\",\"description\":\"Aile arri\u00e8re en acier 14ga avec renfort aux deux extr\u00e9mit\u00e9s pour moto modifi\u00e9e\",\"breadcrumb\":{\"@id\":\"https:\/\/www.brunomotorworks.com\/produit\/new-rear-fender\/#breadcrumb\"},\"inLanguage\":\"fr-FR\",\"potentialAction\":[{\"@type\":\"ReadAction\",\"target\":[\"https:\/\/www.brunomotorworks.com\/produit\/new-rear-fender\/\"]}]},{\"@type\":\"ImageObject\",\"inLanguage\":\"fr-FR\",\"@id\":\"https:\/\/www.brunomotorworks.com\/produit\/new-rear-fender\/#primaryimage\",\"url\":\"https:\/\/www.brunomotorworks.com\/wp-content\/uploads\/2019\/12\/BMW_new_rear-fender1a-1.jpg\",\"contentUrl\":\"https:\/\/www.brunomotorworks.com\/wp-content\/uploads\/2019\/12\/BMW_new_rear-fender1a-1.jpg\",\"width\":1800,\"height\":1125},{\"@type\":\"BreadcrumbList\",\"@id\":\"https:\/\/www.brunomotorworks.com\/produit\/new-rear-fender\/#breadcrumb\",\"itemListElement\":[{\"@type\":\"ListItem\",\"position\":1,\"name\":\"Home\",\"item\":\"https:\/\/www.brunomotorworks.com\/fr\/\"},{\"@type\":\"ListItem\",\"position\":2,\"name\":\"Boutique\",\"item\":\"https:\/\/www.brunomotorworks.com\/store\/\"},{\"@type\":\"ListItem\",\"position\":3,\"name\":\"Aile arri\u00e8re\"}]},{\"@type\":\"WebSite\",\"@id\":\"https:\/\/www.brunomotorworks.com\/#website\",\"url\":\"https:\/\/www.brunomotorworks.com\/\",\"name\":\"Bruno Motor Works\",\"description\":\"Un site utilisant WordPress\",\"potentialAction\":[{\"@type\":\"SearchAction\",\"target\":{\"@type\":\"EntryPoint\",\"urlTemplate\":\"https:\/\/www.brunomotorworks.com\/?s={search_term_string}\"},\"query-input\":\"required name=search_term_string\"}],\"inLanguage\":\"fr-FR\"}]}<\/script>\n<!-- \/ Yoast SEO plugin. -->","yoast_head_json":{"title":"Aile arri\u00e8re - Bruno Motor Works","description":"Aile arri\u00e8re en acier 14ga avec renfort aux deux extr\u00e9mit\u00e9s pour moto modifi\u00e9e","robots":{"index":"index","follow":"follow","max-snippet":"max-snippet:-1","max-image-preview":"max-image-preview:large","max-video-preview":"max-video-preview:-1"},"canonical":"https:\/\/www.brunomotorworks.com\/produit\/new-rear-fender\/","og_locale":"fr_FR","og_type":"article","og_title":"Aile arri\u00e8re - Bruno Motor Works","og_description":"Aile arri\u00e8re en acier 14ga avec renfort aux deux extr\u00e9mit\u00e9s pour moto modifi\u00e9e","og_url":"https:\/\/www.brunomotorworks.com\/produit\/new-rear-fender\/","og_site_name":"Bruno Motor Works","article_modified_time":"2019-12-13T21:11:21+00:00","og_image":[{"width":1800,"height":1125,"url":"https:\/\/www.brunomotorworks.com\/wp-content\/uploads\/2019\/12\/BMW_new_rear-fender1a-1.jpg","type":"image\/jpeg"}],"twitter_card":"summary_large_image","schema":{"@context":"https:\/\/schema.org","@graph":[{"@type":"WebPage","@id":"https:\/\/www.brunomotorworks.com\/produit\/new-rear-fender\/","url":"https:\/\/www.brunomotorworks.com\/produit\/new-rear-fender\/","name":"Aile arri\u00e8re - Bruno Motor Works","isPartOf":{"@id":"https:\/\/www.brunomotorworks.com\/#website"},"primaryImageOfPage":{"@id":"https:\/\/www.brunomotorworks.com\/produit\/new-rear-fender\/#primaryimage"},"image":{"@id":"https:\/\/www.brunomotorworks.com\/produit\/new-rear-fender\/#primaryimage"},"thumbnailUrl":"https:\/\/www.brunomotorworks.com\/wp-content\/uploads\/2019\/12\/BMW_new_rear-fender1a-1.jpg","datePublished":"2019-12-13T21:04:54+00:00","dateModified":"2019-12-13T21:11:21+00:00","description":"Aile arri\u00e8re en acier 14ga avec renfort aux deux extr\u00e9mit\u00e9s pour moto modifi\u00e9e","breadcrumb":{"@id":"https:\/\/www.brunomotorworks.com\/produit\/new-rear-fender\/#breadcrumb"},"inLanguage":"fr-FR","potentialAction":[{"@type":"ReadAction","target":["https:\/\/www.brunomotorworks.com\/produit\/new-rear-fender\/"]}]},{"@type":"ImageObject","inLanguage":"fr-FR","@id":"https:\/\/www.brunomotorworks.com\/produit\/new-rear-fender\/#primaryimage","url":"https:\/\/www.brunomotorworks.com\/wp-content\/uploads\/2019\/12\/BMW_new_rear-fender1a-1.jpg","contentUrl":"https:\/\/www.brunomotorworks.com\/wp-content\/uploads\/2019\/12\/BMW_new_rear-fender1a-1.jpg","width":1800,"height":1125},{"@type":"BreadcrumbList","@id":"https:\/\/www.brunomotorworks.com\/produit\/new-rear-fender\/#breadcrumb","itemListElement":[{"@type":"ListItem","position":1,"name":"Home","item":"https:\/\/www.brunomotorworks.com\/fr\/"},{"@type":"ListItem","position":2,"name":"Boutique","item":"https:\/\/www.brunomotorworks.com\/store\/"},{"@type":"ListItem","position":3,"name":"Aile arri\u00e8re"}]},{"@type":"WebSite","@id":"https:\/\/www.brunomotorworks.com\/#website","url":"https:\/\/www.brunomotorworks.com\/","name":"Bruno Motor Works","description":"Un site utilisant WordPress","potentialAction":[{"@type":"SearchAction","target":{"@type":"EntryPoint","urlTemplate":"https:\/\/www.brunomotorworks.com\/?s={search_term_string}"},"query-input":"required name=search_term_string"}],"inLanguage":"fr-FR"}]}},"_links":{"self":[{"href":"https:\/\/www.brunomotorworks.com\/fr\/wp-json\/wp\/v2\/product\/607"}],"collection":[{"href":"https:\/\/www.brunomotorworks.com\/fr\/wp-json\/wp\/v2\/product"}],"about":[{"href":"https:\/\/www.brunomotorworks.com\/fr\/wp-json\/wp\/v2\/types\/product"}],"wp:featuredmedia":[{"embeddable":true,"href":"https:\/\/www.brunomotorworks.com\/fr\/wp-json\/wp\/v2\/media\/519"}],"wp:attachment":[{"href":"https:\/\/www.brunomotorworks.com\/fr\/wp-json\/wp\/v2\/media?parent=607"}],"wp:term":[{"taxonomy":"product_cat","embeddable":true,"href":"https:\/\/www.brunomotorworks.com\/fr\/wp-json\/wp\/v2\/product_cat?post=607"},{"taxonomy":"product_tag","embeddable":true,"href":"https:\/\/www.brunomotorworks.com\/fr\/wp-json\/wp\/v2\/product_tag?post=607"}],"curies":[{"name":"wp","href":"https:\/\/api.w.org\/{rel}","templated":true}]}}